{"id":278,"date":"2023-10-18T16:35:57","date_gmt":"2023-10-18T16:35:57","guid":{"rendered":"https:\/\/ct-motorsport.at\/?page_id=278"},"modified":"2024-01-05T19:42:29","modified_gmt":"2024-01-05T19:42:29","slug":"archiv","status":"publish","type":"page","link":"https:\/\/ct-motorsport.at\/en\/archiv\/","title":{"rendered":"Archiv"},"content":{"rendered":"<div data-elementor-type=\"wp-page\" data-elementor-id=\"278\" class=\"elementor elementor-278\">\n\t\t\t\t\t\t\t\t\t<section class=\"elementor-section elementor-top-section elementor-element elementor-element-01ffb9b elementor-section-boxed elementor-section-height-default elementor-section-height-default qodef-elementor-content-no\" data-id=\"01ffb9b\" data-element_type=\"section\" data-settings=\"{&quot;background_background&quot;:&quot;classic&quot;}\">\n\t\t\t\t\t\t<div class=\"elementor-container elementor-column-gap-default\">\n\t\t\t\t\t<div class=\"elementor-column elementor-col-50 elementor-top-column elementor-element elementor-element-25c6385\" data-id=\"25c6385\" data-element_type=\"column\">\n\t\t\t<div class=\"elementor-widget-wrap elementor-element-populated\">\n\t\t\t\t\t\t\t\t<div class=\"elementor-element elementor-element-56687ae elementor-invisible elementor-widget elementor-widget-heading\" data-id=\"56687ae\" data-element_type=\"widget\" data-settings=\"{&quot;_animation&quot;:&quot;fadeInUp&quot;}\" data-widget_type=\"heading.default\">\n\t\t\t\t<div class=\"elementor-widget-container\">\n\t\t\t<style>\/*! elementor - v3.11.4 - 12-03-2023 *\/\n.elementor-heading-title{padding:0;margin:0;line-height:1}.elementor-widget-heading .elementor-heading-title[class*=elementor-size-]>a{color:inherit;font-size:inherit;line-height:inherit}.elementor-widget-heading .elementor-heading-title.elementor-size-small{font-size:15px}.elementor-widget-heading .elementor-heading-title.elementor-size-medium{font-size:19px}.elementor-widget-heading .elementor-heading-title.elementor-size-large{font-size:29px}.elementor-widget-heading .elementor-heading-title.elementor-size-xl{font-size:39px}.elementor-widget-heading .elementor-heading-title.elementor-size-xxl{font-size:59px}<\/style><h2 class=\"elementor-heading-title elementor-size-default\">OUR CARS<br>ARCHIV<\/h2>\t\t<\/div>\n\t\t\t\t<\/div>\n\t\t\t\t<div class=\"elementor-element elementor-element-d5adc14 elementor-invisible elementor-widget elementor-widget-text-editor\" data-id=\"d5adc14\" data-element_type=\"widget\" data-settings=\"{&quot;_animation&quot;:&quot;fadeIn&quot;}\" data-widget_type=\"text-editor.default\">\n\t\t\t\t<div class=\"elementor-widget-container\">\n\t\t\t<style>\/*! elementor - v3.11.4 - 12-03-2023 *\/\n.elementor-widget-text-editor.elementor-drop-cap-view-stacked .elementor-drop-cap{background-color:#818a91;color:#fff}.elementor-widget-text-editor.elementor-drop-cap-view-framed .elementor-drop-cap{color:#818a91;border:3px solid;background-color:transparent}.elementor-widget-text-editor:not(.elementor-drop-cap-view-default) .elementor-drop-cap{margin-top:8px}.elementor-widget-text-editor:not(.elementor-drop-cap-view-default) .elementor-drop-cap-letter{width:1em;height:1em}.elementor-widget-text-editor .elementor-drop-cap{float:left;text-align:center;line-height:1;font-size:50px}.elementor-widget-text-editor .elementor-drop-cap-letter{display:inline-block}<\/style>\t\t\t\t<div id=\"post-list\" role=\"main\"><div class=\"post-list-holder-by-time\"><div class=\"post-list__table\"><div id=\"virtualizedPostListContent\" class=\"post-list__content\"><div class=\"a11y__region\" data-a11y-sort-order=\"1\" data-a11y-focus-child=\"true\" data-a11y-order-reversed=\"true\" data-a11y-loop-navigation=\"false\" aria-label=\"message list main region\"><div class=\"post-list-holder-by-time\"><div class=\"post-list__table\"><div id=\"postListContent\" class=\"post-list__content\"><div><div class=\"post-list__dynamic\"><div role=\"list\"><div role=\"listitem\"><div class=\"\"><div id=\"post_oybbutoctpdffce5y7jgfazhce\" class=\"a11y__section post other--root post--hovered\" tabindex=\"0\" aria-label=\"At 8:14 PM Wednesday, November 22, eszter wrote, Hola in unserem Archiv, einem Ort der Erinnerungen und Meilensteine. Hier finden sich alle unsere Fahrzeuge, dokumentierten Events und Teams aus vergangenen Jahren. Durchst\u00f6bern Sie die Chronik unserer Leidenschaft f\u00fcr Innovation und Spitzenleistungen im Motorsport. Tauchen Sie ein und erleben Sie die reiche Geschichte, die den Weg f\u00fcr unsere gegenw\u00e4rtigen und zuk\u00fcnftigen Erfolge geebnet hat.\" data-testid=\"postView\"><div class=\"post__content\" role=\"application\" data-testid=\"postContent\"><div><div id=\"oybbutoctpdffce5y7jgfazhce_message\" class=\"post__body\"><div class=\"AutoHeight\"><div><div class=\"post-message post-message--collapsed\"><div class=\"post-message__text-container\"><div id=\"postMessageText_oybbutoctpdffce5y7jgfazhce\" class=\"post-message__text\" dir=\"auto\" tabindex=\"0\"><p>Hola in our archive, a place of memories and milestones. Here you will find all our vehicles, documented events and teams from past years. Browse through the chronicle of our passion for innovation and excellence in motorsport. Immerse yourself and experience the rich history that has paved the way for our current and future successes.<\/p><\/div><\/div><\/div><\/div><\/div><\/div><\/div><\/div><\/div><\/div><\/div><\/div><\/div><\/div><\/div><\/div><\/div><\/div><\/div><\/div><\/div><\/div>\t\t\t\t\t\t<\/div>\n\t\t\t\t<\/div>\n\t\t\t\t\t<\/div>\n\t\t<\/div>\n\t\t\t\t<div class=\"elementor-column elementor-col-50 elementor-top-column elementor-element elementor-element-de02ceb\" data-id=\"de02ceb\" data-element_type=\"column\">\n\t\t\t<div class=\"elementor-widget-wrap elementor-element-populated\">\n\t\t\t\t\t\t\t\t<div class=\"elementor-element elementor-element-665598d elementor-invisible elementor-widget elementor-widget-image\" data-id=\"665598d\" data-element_type=\"widget\" data-settings=\"{&quot;_animation&quot;:&quot;fadeIn&quot;}\" data-widget_type=\"image.default\">\n\t\t\t\t<div class=\"elementor-widget-container\">\n\t\t\t<style>\/*! elementor - v3.11.4 - 12-03-2023 *\/\n.elementor-widget-image{text-align:center}.elementor-widget-image a{display:inline-block}.elementor-widget-image a img[src$=\".svg\"]{width:48px}.elementor-widget-image img{vertical-align:middle;display:inline-block}<\/style>\t\t\t\t\t\t\t\t\t\t\t\t<img loading=\"lazy\" decoding=\"async\" width=\"800\" height=\"516\" src=\"https:\/\/ct-motorsport.at\/wp-content\/uploads\/2023\/10\/ct52-1-1024x660.jpg\" class=\"attachment-large size-large wp-image-89\" alt=\"\" srcset=\"https:\/\/ct-motorsport.at\/wp-content\/uploads\/2023\/10\/ct52-1-1024x660.jpg 1024w, https:\/\/ct-motorsport.at\/wp-content\/uploads\/2023\/10\/ct52-1-300x193.jpg 300w, https:\/\/ct-motorsport.at\/wp-content\/uploads\/2023\/10\/ct52-1-768x495.jpg 768w, https:\/\/ct-motorsport.at\/wp-content\/uploads\/2023\/10\/ct52-1-1536x990.jpg 1536w, https:\/\/ct-motorsport.at\/wp-content\/uploads\/2023\/10\/ct52-1.jpg 1959w\" sizes=\"auto, (max-width: 800px) 100vw, 800px\" \/>\t\t\t\t\t\t\t\t\t\t\t\t\t\t\t<\/div>\n\t\t\t\t<\/div>\n\t\t\t\t\t<\/div>\n\t\t<\/div>\n\t\t\t\t\t\t\t<\/div>\n\t\t<\/section>\n\t\t\t\t<section class=\"elementor-section elementor-top-section elementor-element elementor-element-5e208cd elementor-section-height-min-height elementor-section-boxed elementor-section-height-default elementor-section-items-middle qodef-elementor-content-no\" data-id=\"5e208cd\" data-element_type=\"section\" data-settings=\"{&quot;shape_divider_top&quot;:&quot;pyramids&quot;,&quot;animation&quot;:&quot;none&quot;}\">\n\t\t\t\t\t<div class=\"elementor-shape elementor-shape-top\" data-negative=\"false\">\n\t\t\t<svg xmlns=\"http:\/\/www.w3.org\/2000\/svg\" viewbox=\"0 0 1000 100\" preserveaspectratio=\"none\">\n\t<path class=\"elementor-shape-fill\" d=\"M761.9,44.1L643.1,27.2L333.8,98L0,3.8V0l1000,0v3.9\"\/>\n<\/svg>\t\t<\/div>\n\t\t\t\t\t<div class=\"elementor-container elementor-column-gap-default\">\n\t\t\t\t\t<div class=\"elementor-column elementor-col-50 elementor-top-column elementor-element elementor-element-729b2ef elementor-invisible\" data-id=\"729b2ef\" data-element_type=\"column\" data-settings=\"{&quot;animation&quot;:&quot;fadeInLeft&quot;}\">\n\t\t\t<div class=\"elementor-widget-wrap elementor-element-populated\">\n\t\t\t\t\t\t\t\t<div class=\"elementor-element elementor-element-e371619 elementor-widget elementor-widget-spacer\" data-id=\"e371619\" data-element_type=\"widget\" data-widget_type=\"spacer.default\">\n\t\t\t\t<div class=\"elementor-widget-container\">\n\t\t\t<style>\/*! elementor - v3.11.4 - 12-03-2023 *\/\n.elementor-column .elementor-spacer-inner{height:var(--spacer-size)}.e-con{--container-widget-width:100%}.e-con-inner>.elementor-widget-spacer,.e-con>.elementor-widget-spacer{width:var(--container-widget-width,var(--spacer-size));--align-self:var(--container-widget-align-self,initial);--flex-shrink:0}.e-con-inner>.elementor-widget-spacer>.elementor-widget-container,.e-con-inner>.elementor-widget-spacer>.elementor-widget-container>.elementor-spacer,.e-con>.elementor-widget-spacer>.elementor-widget-container,.e-con>.elementor-widget-spacer>.elementor-widget-container>.elementor-spacer{height:100%}.e-con-inner>.elementor-widget-spacer>.elementor-widget-container>.elementor-spacer>.elementor-spacer-inner,.e-con>.elementor-widget-spacer>.elementor-widget-container>.elementor-spacer>.elementor-spacer-inner{height:var(--container-widget-height,var(--spacer-size))}<\/style>\t\t<div class=\"elementor-spacer\">\n\t\t\t<div class=\"elementor-spacer-inner\"><\/div>\n\t\t<\/div>\n\t\t\t\t<\/div>\n\t\t\t\t<\/div>\n\t\t\t\t<div class=\"elementor-element elementor-element-bee5ba5 elementor-widget elementor-widget-spacer\" data-id=\"bee5ba5\" data-element_type=\"widget\" data-widget_type=\"spacer.default\">\n\t\t\t\t<div class=\"elementor-widget-container\">\n\t\t\t\t\t<div class=\"elementor-spacer\">\n\t\t\t<div class=\"elementor-spacer-inner\"><\/div>\n\t\t<\/div>\n\t\t\t\t<\/div>\n\t\t\t\t<\/div>\n\t\t\t\t<div class=\"elementor-element elementor-element-e780237 elementor-widget elementor-widget-heading\" data-id=\"e780237\" data-element_type=\"widget\" data-widget_type=\"heading.default\">\n\t\t\t\t<div class=\"elementor-widget-container\">\n\t\t\t<h2 class=\"elementor-heading-title elementor-size-default\">OUR <br> <i>OUR CARS<\/i><\/h2>\t\t<\/div>\n\t\t\t\t<\/div>\n\t\t\t\t<div class=\"elementor-element elementor-element-1aaf185 elementor-widget elementor-widget-text-editor\" data-id=\"1aaf185\" data-element_type=\"widget\" data-widget_type=\"text-editor.default\">\n\t\t\t\t<div class=\"elementor-widget-container\">\n\t\t\t\t\t\t\t<p>We have been designing innovative racing cars for the Formula Student competition since 2016. Every year we present a new, high-performance car that impresses with state-of-the-art technologies and design. Taking part in the Formula Student competition enables students to put their theoretical knowledge into practice and compete internationally.<\/p>\t\t\t\t\t\t<\/div>\n\t\t\t\t<\/div>\n\t\t\t\t<div class=\"elementor-element elementor-element-113732e elementor-widget elementor-widget-spacer\" data-id=\"113732e\" data-element_type=\"widget\" data-widget_type=\"spacer.default\">\n\t\t\t\t<div class=\"elementor-widget-container\">\n\t\t\t\t\t<div class=\"elementor-spacer\">\n\t\t\t<div class=\"elementor-spacer-inner\"><\/div>\n\t\t<\/div>\n\t\t\t\t<\/div>\n\t\t\t\t<\/div>\n\t\t\t\t\t<\/div>\n\t\t<\/div>\n\t\t\t\t<div class=\"elementor-column elementor-col-50 elementor-top-column elementor-element elementor-element-b95fee1 elementor-invisible\" data-id=\"b95fee1\" data-element_type=\"column\" data-settings=\"{&quot;animation&quot;:&quot;fadeInRight&quot;}\">\n\t\t\t<div class=\"elementor-widget-wrap elementor-element-populated\">\n\t\t\t\t\t\t\t\t<section class=\"elementor-section elementor-inner-section elementor-element elementor-element-2b9d0a9 elementor-section-boxed elementor-section-height-default elementor-section-height-default qodef-elementor-content-no\" data-id=\"2b9d0a9\" data-element_type=\"section\">\n\t\t\t\t\t\t<div class=\"elementor-container elementor-column-gap-default\">\n\t\t\t\t\t<div class=\"elementor-column elementor-col-100 elementor-inner-column elementor-element elementor-element-845a885\" data-id=\"845a885\" data-element_type=\"column\" data-settings=\"{&quot;background_background&quot;:&quot;classic&quot;}\">\n\t\t\t<div class=\"elementor-widget-wrap elementor-element-populated\">\n\t\t\t\t\t\t\t\t<div class=\"elementor-element elementor-element-3eccc83 elementor-widget elementor-widget-image\" data-id=\"3eccc83\" data-element_type=\"widget\" data-widget_type=\"image.default\">\n\t\t\t\t<div class=\"elementor-widget-container\">\n\t\t\t\t\t\t\t\t\t\t\t\t\t\t\t\t<a href=\"\/en\/ibex\/\">\n\t\t\t\t\t\t\t<img loading=\"lazy\" decoding=\"async\" width=\"800\" height=\"516\" src=\"https:\/\/ct-motorsport.at\/wp-content\/uploads\/2023\/10\/ct5-1-1024x660.webp\" class=\"elementor-animation-shrink attachment-large size-large wp-image-453\" alt=\"\" srcset=\"https:\/\/ct-motorsport.at\/wp-content\/uploads\/2023\/10\/ct5-1-1024x660.webp 1024w, https:\/\/ct-motorsport.at\/wp-content\/uploads\/2023\/10\/ct5-1-300x193.webp 300w, https:\/\/ct-motorsport.at\/wp-content\/uploads\/2023\/10\/ct5-1-768x495.webp 768w, https:\/\/ct-motorsport.at\/wp-content\/uploads\/2023\/10\/ct5-1-1536x990.webp 1536w, https:\/\/ct-motorsport.at\/wp-content\/uploads\/2023\/10\/ct5-1.webp 1959w\" sizes=\"auto, (max-width: 800px) 100vw, 800px\" \/>\t\t\t\t\t\t\t\t<\/a>\n\t\t\t\t\t\t\t\t\t\t\t\t\t\t\t<\/div>\n\t\t\t\t<\/div>\n\t\t\t\t<div class=\"elementor-element elementor-element-8912bd7 elementor-invisible elementor-widget elementor-widget-heading\" data-id=\"8912bd7\" data-element_type=\"widget\" data-settings=\"{&quot;_animation&quot;:&quot;fadeInUp&quot;}\" data-widget_type=\"heading.default\">\n\t\t\t\t<div class=\"elementor-widget-container\">\n\t\t\t<h2 class=\"elementor-heading-title elementor-size-default\"><a href=\"\/en\/ibex\/\">IBEX<\/a><\/h2>\t\t<\/div>\n\t\t\t\t<\/div>\n\t\t\t\t\t<\/div>\n\t\t<\/div>\n\t\t\t\t\t\t\t<\/div>\n\t\t<\/section>\n\t\t\t\t<section class=\"elementor-section elementor-inner-section elementor-element elementor-element-0ecd67c elementor-section-boxed elementor-section-height-default elementor-section-height-default qodef-elementor-content-no\" data-id=\"0ecd67c\" data-element_type=\"section\">\n\t\t\t\t\t\t<div class=\"elementor-container elementor-column-gap-default\">\n\t\t\t\t\t<div class=\"elementor-column elementor-col-100 elementor-inner-column elementor-element elementor-element-8bd8b86\" data-id=\"8bd8b86\" data-element_type=\"column\" data-settings=\"{&quot;background_background&quot;:&quot;classic&quot;}\">\n\t\t\t<div class=\"elementor-widget-wrap elementor-element-populated\">\n\t\t\t\t\t\t\t\t<div class=\"elementor-element elementor-element-928daa2 elementor-widget elementor-widget-image\" data-id=\"928daa2\" data-element_type=\"widget\" data-widget_type=\"image.default\">\n\t\t\t\t<div class=\"elementor-widget-container\">\n\t\t\t\t\t\t\t\t\t\t\t\t\t\t\t\t<a href=\"\/en\/e04\/\">\n\t\t\t\t\t\t\t<img loading=\"lazy\" decoding=\"async\" width=\"800\" height=\"370\" src=\"https:\/\/ct-motorsport.at\/wp-content\/uploads\/2023\/10\/e04Uebersicht-1024x474.png\" class=\"elementor-animation-shrink attachment-large size-large wp-image-454\" alt=\"\" srcset=\"https:\/\/ct-motorsport.at\/wp-content\/uploads\/2023\/10\/e04Uebersicht-1024x474.png 1024w, https:\/\/ct-motorsport.at\/wp-content\/uploads\/2023\/10\/e04Uebersicht-300x139.png 300w, https:\/\/ct-motorsport.at\/wp-content\/uploads\/2023\/10\/e04Uebersicht-768x356.png 768w, https:\/\/ct-motorsport.at\/wp-content\/uploads\/2023\/10\/e04Uebersicht.png 1080w\" sizes=\"auto, (max-width: 800px) 100vw, 800px\" \/>\t\t\t\t\t\t\t\t<\/a>\n\t\t\t\t\t\t\t\t\t\t\t\t\t\t\t<\/div>\n\t\t\t\t<\/div>\n\t\t\t\t<div class=\"elementor-element elementor-element-a1b42d7 elementor-invisible elementor-widget elementor-widget-heading\" data-id=\"a1b42d7\" data-element_type=\"widget\" data-settings=\"{&quot;_animation&quot;:&quot;fadeInUp&quot;}\" data-widget_type=\"heading.default\">\n\t\t\t\t<div class=\"elementor-widget-container\">\n\t\t\t<h2 class=\"elementor-heading-title elementor-size-default\">e04<\/h2>\t\t<\/div>\n\t\t\t\t<\/div>\n\t\t\t\t\t<\/div>\n\t\t<\/div>\n\t\t\t\t\t\t\t<\/div>\n\t\t<\/section>\n\t\t\t\t<section class=\"elementor-section elementor-inner-section elementor-element elementor-element-880fafd elementor-section-boxed elementor-section-height-default elementor-section-height-default qodef-elementor-content-no\" data-id=\"880fafd\" data-element_type=\"section\">\n\t\t\t\t\t\t<div class=\"elementor-container elementor-column-gap-default\">\n\t\t\t\t\t<div class=\"elementor-column elementor-col-100 elementor-inner-column elementor-element elementor-element-6adfbf9\" data-id=\"6adfbf9\" data-element_type=\"column\" data-settings=\"{&quot;background_background&quot;:&quot;classic&quot;}\">\n\t\t\t<div class=\"elementor-widget-wrap elementor-element-populated\">\n\t\t\t\t\t\t\t\t<div class=\"elementor-element elementor-element-f57ea62 elementor-widget elementor-widget-image\" data-id=\"f57ea62\" data-element_type=\"widget\" data-widget_type=\"image.default\">\n\t\t\t\t<div class=\"elementor-widget-container\">\n\t\t\t\t\t\t\t\t\t\t\t\t\t\t\t\t<a href=\"\/en\/e03\/\">\n\t\t\t\t\t\t\t<img loading=\"lazy\" decoding=\"async\" width=\"800\" height=\"370\" src=\"https:\/\/ct-motorsport.at\/wp-content\/uploads\/2023\/10\/e03-1024x474.png\" class=\"elementor-animation-shrink attachment-large size-large wp-image-455\" alt=\"\" srcset=\"https:\/\/ct-motorsport.at\/wp-content\/uploads\/2023\/10\/e03-1024x474.png 1024w, https:\/\/ct-motorsport.at\/wp-content\/uploads\/2023\/10\/e03-300x139.png 300w, https:\/\/ct-motorsport.at\/wp-content\/uploads\/2023\/10\/e03-768x356.png 768w, https:\/\/ct-motorsport.at\/wp-content\/uploads\/2023\/10\/e03.png 1080w\" sizes=\"auto, (max-width: 800px) 100vw, 800px\" \/>\t\t\t\t\t\t\t\t<\/a>\n\t\t\t\t\t\t\t\t\t\t\t\t\t\t\t<\/div>\n\t\t\t\t<\/div>\n\t\t\t\t<div class=\"elementor-element elementor-element-a633167 elementor-invisible elementor-widget elementor-widget-heading\" data-id=\"a633167\" data-element_type=\"widget\" data-settings=\"{&quot;_animation&quot;:&quot;fadeInUp&quot;}\" data-widget_type=\"heading.default\">\n\t\t\t\t<div class=\"elementor-widget-container\">\n\t\t\t<h2 class=\"elementor-heading-title elementor-size-default\">e03<\/h2>\t\t<\/div>\n\t\t\t\t<\/div>\n\t\t\t\t\t<\/div>\n\t\t<\/div>\n\t\t\t\t\t\t\t<\/div>\n\t\t<\/section>\n\t\t\t\t<section class=\"elementor-section elementor-inner-section elementor-element elementor-element-de7ef61 elementor-section-boxed elementor-section-height-default elementor-section-height-default qodef-elementor-content-no\" data-id=\"de7ef61\" data-element_type=\"section\">\n\t\t\t\t\t\t<div class=\"elementor-container elementor-column-gap-default\">\n\t\t\t\t\t<div class=\"elementor-column elementor-col-100 elementor-inner-column elementor-element elementor-element-16f2f6c\" data-id=\"16f2f6c\" data-element_type=\"column\" data-settings=\"{&quot;background_background&quot;:&quot;classic&quot;}\">\n\t\t\t<div class=\"elementor-widget-wrap elementor-element-populated\">\n\t\t\t\t\t\t\t\t<div class=\"elementor-element elementor-element-c5e8781 elementor-widget elementor-widget-image\" data-id=\"c5e8781\" data-element_type=\"widget\" data-widget_type=\"image.default\">\n\t\t\t\t<div class=\"elementor-widget-container\">\n\t\t\t\t\t\t\t\t\t\t\t\t\t\t\t\t<a href=\"\/en\/e02\/\">\n\t\t\t\t\t\t\t<img loading=\"lazy\" decoding=\"async\" width=\"800\" height=\"370\" src=\"https:\/\/ct-motorsport.at\/wp-content\/uploads\/2023\/10\/e02-1024x474.png\" class=\"elementor-animation-shrink attachment-large size-large wp-image-459\" alt=\"\" srcset=\"https:\/\/ct-motorsport.at\/wp-content\/uploads\/2023\/10\/e02-1024x474.png 1024w, https:\/\/ct-motorsport.at\/wp-content\/uploads\/2023\/10\/e02-300x139.png 300w, https:\/\/ct-motorsport.at\/wp-content\/uploads\/2023\/10\/e02-768x356.png 768w, https:\/\/ct-motorsport.at\/wp-content\/uploads\/2023\/10\/e02.png 1080w\" sizes=\"auto, (max-width: 800px) 100vw, 800px\" \/>\t\t\t\t\t\t\t\t<\/a>\n\t\t\t\t\t\t\t\t\t\t\t\t\t\t\t<\/div>\n\t\t\t\t<\/div>\n\t\t\t\t<div class=\"elementor-element elementor-element-bba7f9d elementor-invisible elementor-widget elementor-widget-heading\" data-id=\"bba7f9d\" data-element_type=\"widget\" data-settings=\"{&quot;_animation&quot;:&quot;fadeInUp&quot;}\" data-widget_type=\"heading.default\">\n\t\t\t\t<div class=\"elementor-widget-container\">\n\t\t\t<h2 class=\"elementor-heading-title elementor-size-default\">e02<\/h2>\t\t<\/div>\n\t\t\t\t<\/div>\n\t\t\t\t\t<\/div>\n\t\t<\/div>\n\t\t\t\t\t\t\t<\/div>\n\t\t<\/section>\n\t\t\t\t<section class=\"elementor-section elementor-inner-section elementor-element elementor-element-ad23f8b elementor-section-boxed elementor-section-height-default elementor-section-height-default qodef-elementor-content-no\" data-id=\"ad23f8b\" data-element_type=\"section\">\n\t\t\t\t\t\t<div class=\"elementor-container elementor-column-gap-default\">\n\t\t\t\t\t<div class=\"elementor-column elementor-col-100 elementor-inner-column elementor-element elementor-element-382e9bb\" data-id=\"382e9bb\" data-element_type=\"column\" data-settings=\"{&quot;background_background&quot;:&quot;classic&quot;}\">\n\t\t\t<div class=\"elementor-widget-wrap elementor-element-populated\">\n\t\t\t\t\t\t\t\t<div class=\"elementor-element elementor-element-9175300 elementor-widget elementor-widget-image\" data-id=\"9175300\" data-element_type=\"widget\" data-widget_type=\"image.default\">\n\t\t\t\t<div class=\"elementor-widget-container\">\n\t\t\t\t\t\t\t\t\t\t\t\t\t\t\t\t<a href=\"\/en\/e01\/\">\n\t\t\t\t\t\t\t<img loading=\"lazy\" decoding=\"async\" width=\"800\" height=\"370\" src=\"https:\/\/ct-motorsport.at\/wp-content\/uploads\/2023\/10\/e01-1024x474.png\" class=\"elementor-animation-shrink attachment-large size-large wp-image-460\" alt=\"\" srcset=\"https:\/\/ct-motorsport.at\/wp-content\/uploads\/2023\/10\/e01-1024x474.png 1024w, https:\/\/ct-motorsport.at\/wp-content\/uploads\/2023\/10\/e01-300x139.png 300w, https:\/\/ct-motorsport.at\/wp-content\/uploads\/2023\/10\/e01-768x356.png 768w, https:\/\/ct-motorsport.at\/wp-content\/uploads\/2023\/10\/e01.png 1080w\" sizes=\"auto, (max-width: 800px) 100vw, 800px\" \/>\t\t\t\t\t\t\t\t<\/a>\n\t\t\t\t\t\t\t\t\t\t\t\t\t\t\t<\/div>\n\t\t\t\t<\/div>\n\t\t\t\t<div class=\"elementor-element elementor-element-8790345 elementor-invisible elementor-widget elementor-widget-heading\" data-id=\"8790345\" data-element_type=\"widget\" data-settings=\"{&quot;_animation&quot;:&quot;fadeInUp&quot;}\" data-widget_type=\"heading.default\">\n\t\t\t\t<div class=\"elementor-widget-container\">\n\t\t\t<h2 class=\"elementor-heading-title elementor-size-default\">e01<\/h2>\t\t<\/div>\n\t\t\t\t<\/div>\n\t\t\t\t\t<\/div>\n\t\t<\/div>\n\t\t\t\t\t\t\t<\/div>\n\t\t<\/section>\n\t\t\t\t\t<\/div>\n\t\t<\/div>\n\t\t\t\t\t\t\t<\/div>\n\t\t<\/section>\n\t\t\t\t<section class=\"elementor-section elementor-top-section elementor-element elementor-element-a591e69 elementor-section-boxed elementor-section-height-default elementor-section-height-default qodef-elementor-content-no\" data-id=\"a591e69\" data-element_type=\"section\">\n\t\t\t\t\t\t<div class=\"elementor-container elementor-column-gap-default\">\n\t\t\t\t\t<div class=\"elementor-column elementor-col-50 elementor-top-column elementor-element elementor-element-60eb3bd\" data-id=\"60eb3bd\" data-element_type=\"column\">\n\t\t\t<div class=\"elementor-widget-wrap elementor-element-populated\">\n\t\t\t\t\t\t\t\t<div class=\"elementor-element elementor-element-4fca680 elementor-widget elementor-widget-spacer\" data-id=\"4fca680\" data-element_type=\"widget\" data-widget_type=\"spacer.default\">\n\t\t\t\t<div class=\"elementor-widget-container\">\n\t\t\t\t\t<div class=\"elementor-spacer\">\n\t\t\t<div class=\"elementor-spacer-inner\"><\/div>\n\t\t<\/div>\n\t\t\t\t<\/div>\n\t\t\t\t<\/div>\n\t\t\t\t\t<\/div>\n\t\t<\/div>\n\t\t\t\t<div class=\"elementor-column elementor-col-50 elementor-top-column elementor-element elementor-element-03a92dd\" data-id=\"03a92dd\" data-element_type=\"column\">\n\t\t\t<div class=\"elementor-widget-wrap\">\n\t\t\t\t\t\t\t\t\t<\/div>\n\t\t<\/div>\n\t\t\t\t\t\t\t<\/div>\n\t\t<\/section>\n\t\t\t\t\t\t\t<\/div>","protected":false},"excerpt":{"rendered":"<p>UNSERE AUTOSARCHIV Hola in unserem Archiv, einem Ort der Erinnerungen und Meilensteine. Hier finden sich alle unsere Fahrzeuge, dokumentierten Events und Teams aus vergangenen Jahren. Durchst\u00f6bern Sie die Chronik unserer Leidenschaft f\u00fcr Innovation und Spitzenleistungen im Motorsport. Tauchen Sie ein und erleben Sie die reiche Geschichte, die den Weg f\u00fcr unsere gegenw\u00e4rtigen und zuk\u00fcnftigen Erfolge [&hellip;]<\/p>","protected":false},"author":1,"featured_media":0,"parent":0,"menu_order":0,"comment_status":"closed","ping_status":"closed","template":"elementor_header_footer","meta":{"footnotes":""},"class_list":["post-278","page","type-page","status-publish","hentry"],"_links":{"self":[{"href":"https:\/\/ct-motorsport.at\/en\/wp-json\/wp\/v2\/pages\/278","targetHints":{"allow":["GET"]}}],"collection":[{"href":"https:\/\/ct-motorsport.at\/en\/wp-json\/wp\/v2\/pages"}],"about":[{"href":"https:\/\/ct-motorsport.at\/en\/wp-json\/wp\/v2\/types\/page"}],"author":[{"embeddable":true,"href":"https:\/\/ct-motorsport.at\/en\/wp-json\/wp\/v2\/users\/1"}],"replies":[{"embeddable":true,"href":"https:\/\/ct-motorsport.at\/en\/wp-json\/wp\/v2\/comments?post=278"}],"version-history":[{"count":65,"href":"https:\/\/ct-motorsport.at\/en\/wp-json\/wp\/v2\/pages\/278\/revisions"}],"predecessor-version":[{"id":9456,"href":"https:\/\/ct-motorsport.at\/en\/wp-json\/wp\/v2\/pages\/278\/revisions\/9456"}],"wp:attachment":[{"href":"https:\/\/ct-motorsport.at\/en\/wp-json\/wp\/v2\/media?parent=278"}],"curies":[{"name":"wp","href":"https:\/\/api.w.org\/{rel}","templated":true}]}}